{"id":2,"date":"2015-05-13T04:44:23","date_gmt":"2015-05-13T04:44:23","guid":{"rendered":"http:\/\/psicologogdl.com\/?page_id=2"},"modified":"2017-08-03T21:27:14","modified_gmt":"2017-08-04T02:27:14","slug":"sample-page","status":"publish","type":"page","link":"https:\/\/psicologogdl.com\/","title":{"rendered":"Psicologos Guadalajara"},"content":{"rendered":"<div style=\"text-align: center;\"><strong>Psicologos Guadalajara<\/strong><\/div>\n<div style=\"text-align: center;\"><em>\u00abBienestar y Salud Emocional\u00bb<\/em><\/div>\n<div><a href=\"https:\/\/psicologogdl.com\/wp-content\/uploads\/2015\/05\/brain.png\" data-rel=\"lightbox-image-0\" data-rl_title=\"\" data-rl_caption=\"\" title=\"\">[huge_it_slider id=\u00bb1&#8243;]<\/a><\/div>\n<div><\/div>\n<div><\/div>\n<div style=\"text-align: center;\"><strong>Psicologos Guadalajara<\/strong><\/div>\n<div style=\"text-align: center;\"><em>L<\/em><em>os mejores especialistas en tu bienestar y salud emocional<\/em><\/div>\n<div><\/div>\n<div><\/div>\n<div style=\"text-align: justify;\">En <strong>Psicologos Guadalajara<\/strong> somos un equipo de psic\u00f3logos con la experiencia y el coraz\u00f3n enfocados a ayudarte para conseguir la <strong>salud emocional y tranq<\/strong><span class=\"text_exposed_show\"><strong>uilidad<\/strong> que est\u00e1s buscando. Queremos apoyarte, inspirarte, motivarte y acompa\u00f1arte en el <strong>camino a tu bienestar<\/strong>. Tenemos clara la importancia que tiene la salud y el bienestar de las personas, por lo que ponemos siempre a tu disposici\u00f3n <strong>profesionalismo a buen precio<\/strong> ofreci\u00e9ndote los siguientes servicios:<\/span><\/div>\n<div>\n<ul>\n<li><a href=\"https:\/\/psicologogdl.com\/index.php\/2015\/12\/03\/terapia-individual-guadalajara\/\">Psicoterapia y Consejer\u00eda Individual.<\/a><\/li>\n<li><a href=\"https:\/\/psicologogdl.com\/index.php\/terapia-de-pareja-guadalajara\/\" target=\"_blank\" rel=\"noopener noreferrer\">Terapia de Pareja<\/a>.<\/li>\n<li><a href=\"https:\/\/psicologogdl.com\/index.php\/terapia-de-pareja-gay\/\">Terapia de Pareja Gay.<\/a><\/li>\n<li><a href=\"https:\/\/psicologogdl.com\/index.php\/2015\/11\/21\/terapia-familiar\/\" target=\"_blank\" rel=\"noopener noreferrer\">Terapia Familiar<\/a>.<\/li>\n<li><a href=\"https:\/\/psicologogdl.com\/index.php\/2015\/11\/30\/terapia-infantil-guadalajara\/\">Terapia Infantil<\/a>.<\/li>\n<li><a href=\"https:\/\/psicologogdl.com\/index.php\/2015\/11\/30\/terapia-infantil-guadalajara\/\">Problemas Escolares.<\/a><\/li>\n<li><a href=\"https:\/\/psicologogdl.com\/index.php\/psicologos-en-linea\/\"><strong>Terapia en L\u00ednea por Skype<\/strong>.<\/a><\/li>\n<li><a href=\"https:\/\/psicologogdl.com\/index.php\/2015\/12\/03\/terapia-individual-guadalajara\/\">Sexualidad.<\/a><\/li>\n<li><a href=\"https:\/\/psicologogdl.com\/index.php\/2015\/12\/03\/terapia-individual-guadalajara\/\">Identidad Sexual.<\/a><\/li>\n<li><a href=\"https:\/\/psicologogdl.com\/index.php\/2015\/12\/04\/pruebas-psicologicas-guadalajara\/\">Psicometr\u00eda.<\/a><\/li>\n<li><a href=\"https:\/\/psicologogdl.com\/index.php\/2015\/12\/03\/terapia-individual-guadalajara\/\">Soluci\u00f3n a Problemas de Ansiedad.<\/a><\/li>\n<li><a href=\"https:\/\/psicologogdl.com\/index.php\/2015\/12\/03\/terapia-individual-guadalajara\/\">Depresi\u00f3n.<\/a><\/li>\n<li><a href=\"https:\/\/psicologogdl.com\/index.php\/2015\/12\/03\/terapia-individual-guadalajara\/\">Duelo.<\/a><\/li>\n<li><a href=\"https:\/\/psicologogdl.com\/index.php\/2015\/12\/03\/terapia-individual-guadalajara\/\">Cerrar Ciclos.<\/a><\/li>\n<li><a href=\"https:\/\/psicologogdl.com\/index.php\/2015\/12\/03\/terapia-individual-guadalajara\/\">Manejo del Estr\u00e9s.<\/a><\/li>\n<li><a href=\"https:\/\/psicologogdl.com\/index.php\/2015\/12\/04\/pruebas-psicologicas-guadalajara\/\">Orientaci\u00f3n Vocacional.<\/a><\/li>\n<li><a href=\"https:\/\/psicologogdl.com\/index.php\/2015\/12\/03\/terapia-individual-guadalajara\/\">Prevenci\u00f3n y Manejo de Adicciones.<\/a><\/li>\n<li><a href=\"https:\/\/psicologogdl.com\/index.php\/2015\/12\/03\/terapia-individual-guadalajara\/\">Autoestima y Sentido de Vida.<\/a><\/li>\n<li><a href=\"https:\/\/psicologogdl.com\/index.php\/2015\/11\/25\/terapia-de-pareja-guadalajara\/\">Codependencia.<\/a><\/li>\n<li>Problemas Laborales.<\/li>\n<li>Atenci\u00f3n especial para ni\u00f1os y adultos de la tercera edad.<\/li>\n<\/ul>\n<p style=\"text-align: justify;\">En <strong>Psicologos Guadalajara<\/strong> recibir\u00e1s una orientaci\u00f3n y un trato especialmente dise\u00f1ado a tus necesidades desde tu primer consulta. Un psic\u00f3logo y psicoterapeuta calificado trabajara contigo, enfocado a explotar tus recursos y ofrecerte herramientas para el logro de tus objetivos y metas. Ofrecemos un espacio basado en la confidencialidad, privacidad y respeto con un ideal claro: <strong>Obtener tu bienestar<\/strong>.<\/p>\n<p><img loading=\"lazy\" decoding=\"async\" class=\"aligncenter wp-image-43 size-full\" src=\"https:\/\/psicologogdl.com\/wp-content\/uploads\/2015\/05\/Captura.jpg\" alt=\"Psicologos guadalajara\" width=\"199\" height=\"151\" \/><\/p>\n<p>CONTACTO:<\/p>\n<p>(0133) 2001 2604<br \/>\n(044) 333 178 1207<\/p>\n<p>&nbsp;<\/p>\n<p>HORARIOS:<\/p>\n<p>Lunes a Viernes<br \/>\n10:00 \u2013 14:00 y de 16:00 \u2013 20:00<\/p>\n<\/div>\n<p>&nbsp;<\/p>\n\n<div class=\"wpcf7 no-js\" id=\"wpcf7-f39-o1\" lang=\"es-ES\" dir=\"ltr\" data-wpcf7-id=\"39\">\n<div class=\"screen-reader-response\"><p role=\"status\" aria-live=\"polite\" aria-atomic=\"true\"><\/p> <ul><\/ul><\/div>\n<form action=\"\/index.php\/wp-json\/wp\/v2\/pages\/2#wpcf7-f39-o1\" method=\"post\" class=\"wpcf7-form init\" aria-label=\"Formulario de contacto\" novalidate=\"novalidate\" data-status=\"init\">\n<fieldset class=\"hidden-fields-container\"><input type=\"hidden\" name=\"_wpcf7\" value=\"39\" \/><input type=\"hidden\" name=\"_wpcf7_version\" value=\"6.1.5\" \/><input type=\"hidden\" name=\"_wpcf7_locale\" value=\"es_ES\" \/><input type=\"hidden\" name=\"_wpcf7_unit_tag\" value=\"wpcf7-f39-o1\" \/><input type=\"hidden\" name=\"_wpcf7_container_post\" value=\"0\" \/><input type=\"hidden\" name=\"_wpcf7_posted_data_hash\" value=\"\" \/>\n<\/fieldset>\n<p>Su nombre (requerido)\n<\/p>\n<p><span class=\"wpcf7-form-control-wrap\" data-name=\"your-name\"><input size=\"40\" maxlength=\"400\" class=\"wpcf7-form-control wpcf7-text wpcf7-validates-as-required\" aria-required=\"true\" aria-invalid=\"false\" value=\"\" type=\"text\" name=\"your-name\" \/><\/span>\n<\/p>\n<p>Su e-mail (requerido)\n<\/p>\n<p><span class=\"wpcf7-form-control-wrap\" data-name=\"your-email\"><input size=\"40\" maxlength=\"400\" class=\"wpcf7-form-control wpcf7-email wpcf7-validates-as-required wpcf7-text wpcf7-validates-as-email\" aria-required=\"true\" aria-invalid=\"false\" value=\"\" type=\"email\" name=\"your-email\" \/><\/span>\n<\/p>\n<p>Su tel\u00e9fono (requerido)\n<\/p>\n<p><span class=\"wpcf7-form-control-wrap\" data-name=\"telefono\"><input size=\"40\" maxlength=\"400\" class=\"wpcf7-form-control wpcf7-tel wpcf7-validates-as-required wpcf7-text wpcf7-validates-as-tel\" aria-required=\"true\" aria-invalid=\"false\" value=\"\" type=\"tel\" name=\"telefono\" \/><\/span>\n<\/p>\n<p>Su mensaje\n<\/p>\n<p><span class=\"wpcf7-form-control-wrap\" data-name=\"your-message\"><textarea cols=\"40\" rows=\"10\" maxlength=\"2000\" class=\"wpcf7-form-control wpcf7-textarea\" aria-invalid=\"false\" name=\"your-message\"><\/textarea><\/span>\n<\/p>\n<p><input class=\"wpcf7-form-control wpcf7-submit has-spinner\" type=\"submit\" value=\"Enviar\" \/>\n<\/p><p style=\"display: none !important;\" class=\"akismet-fields-container\" data-prefix=\"_wpcf7_ak_\"><label>&#916;<textarea name=\"_wpcf7_ak_hp_textarea\" cols=\"45\" rows=\"8\" maxlength=\"100\"><\/textarea><\/label><input type=\"hidden\" id=\"ak_js_1\" name=\"_wpcf7_ak_js\" value=\"189\"\/><script>document.getElementById( \"ak_js_1\" ).setAttribute( \"value\", ( new Date() ).getTime() );<\/script><\/p><div class=\"wpcf7-response-output\" aria-hidden=\"true\"><\/div>\n<\/form>\n<\/div>\n\n<div style=\"text-align: center;\">\u00a0<strong>Psicologos Guadalajara<\/strong><\/div>\n<div style=\"text-align: center;\"><em>\u00abBienestar y Salud Emocional\u00bb<\/em><\/div>\n<div style=\"text-align: left;\"><\/div>\n<div style=\"text-align: left;\"><\/div>\n<div style=\"text-align: center;\">NUESTROS PSIC\u00d3LOGOS, SEX\u00d3LOGOS Y PSICOTERAPEUTAS:<\/div>\n<div style=\"text-align: left;\"><\/div>\n<div style=\"text-align: left;\"><a href=\"http:\/\/www.doctoralia.com.mx\/medico\/panuco+c+emmanuel-14785971?_uaClientID_=MTM3NDY3NTIzOC4xNDYzMDc1NzQ2LjYzNTk5ODgwOTQ5MTkzMDI4NA%3d%3d&amp;_ga=1.56597099.1374675238.1463075746\">Dr. C. Emmanuel P\u00e1nuco A.<\/a><\/div>\n<div style=\"text-align: left;\"><script src=\"https:\/\/api.doctoralia.com\/widgets\/reviews\/widget.js#apikey=8D570627E0914B5291882006F97F5A5C\" type=\"text\/javascript\"><\/script><\/div>\n<p>&nbsp;<\/p>\n<div style=\"text-align: left;\"><a href=\"http:\/\/www.doctoralia.com.mx\/medico\/rosales+ivette-14784954?_uaClientID_=MTM3NDY3NTIzOC4xNDYzMDc1NzQ2LjYzNTk5ODgwMjYyNTg2NjMxOA%3d%3d&amp;_ga=1.56597099.1374675238.1463075746\">Dra. Ivette Rosales<\/a><\/div>\n<p><script src=\"https:\/\/api.doctoralia.com\/widgets\/reviews\/widget.js#apikey=BB682DB6747E4A9BBD0AF1D75E7B867D\" type=\"text\/javascript\"><\/script><\/p>\n","protected":false},"excerpt":{"rendered":"<p>Psicologos Guadalajara \u00abBienestar y Salud Emocional\u00bb [huge_it_slider id=\u00bb1&#8243;] Psicologos Guadalajara Los mejores especialistas en tu bienestar y salud emocional En Psicologos Guadalajara somos un equipo de psic\u00f3logos con la experiencia y el coraz\u00f3n enfocados&#46;&#46;&#46;<\/p>\n","protected":false},"author":2,"featured_media":0,"parent":0,"menu_order":0,"comment_status":"closed","ping_status":"closed","template":"","meta":{"footnotes":""},"class_list":["post-2","page","type-page","status-publish","hentry"],"yoast_head":"<!-- This site is optimized with the Yoast SEO plugin v26.8 - https:\/\/yoast.com\/product\/yoast-seo-wordpress\/ -->\n<title>Psicologos Guadalajara<\/title>\n<meta name=\"description\" content=\"Los mejores psicoterapeutas y sexologos estan en Psicologos Guadalajara, Psicologos Guadalajara \u00a1Haz tu cita hoy! (0133) 2001-2604\" \/>\n<meta name=\"robots\" content=\"index, follow, max-snippet:-1, max-image-preview:large, max-video-preview:-1\" \/>\n<link rel=\"canonical\" href=\"https:\/\/psicologogdl.com\/\" \/>\n<meta property=\"og:locale\" content=\"es_ES\" \/>\n<meta property=\"og:type\" content=\"article\" \/>\n<meta property=\"og:title\" content=\"Psicologos Guadalajara\" \/>\n<meta property=\"og:description\" content=\"Los mejores psicoterapeutas y sexologos estan en Psicologos Guadalajara, Psicologos Guadalajara \u00a1Haz tu cita hoy! (0133) 2001-2604\" \/>\n<meta property=\"og:url\" content=\"https:\/\/psicologogdl.com\/\" \/>\n<meta property=\"og:site_name\" content=\"Psicologos Guadalajara\" \/>\n<meta property=\"article:modified_time\" content=\"2017-08-04T02:27:14+00:00\" \/>\n<meta property=\"og:image\" content=\"https:\/\/psicologogdl.com\/wp-content\/uploads\/2015\/05\/Captura.jpg\" \/>\n\t<meta property=\"og:image:width\" content=\"199\" \/>\n\t<meta property=\"og:image:height\" content=\"151\" \/>\n\t<meta property=\"og:image:type\" content=\"image\/jpeg\" \/>\n<meta name=\"twitter:card\" content=\"summary_large_image\" \/>\n<meta name=\"twitter:label1\" content=\"Tiempo de lectura\" \/>\n\t<meta name=\"twitter:data1\" content=\"1 minuto\" \/>\n<script type=\"application\/ld+json\" class=\"yoast-schema-graph\">{\"@context\":\"https:\/\/schema.org\",\"@graph\":[{\"@type\":\"WebPage\",\"@id\":\"https:\/\/psicologogdl.com\/\",\"url\":\"https:\/\/psicologogdl.com\/\",\"name\":\"Psicologos Guadalajara\",\"isPartOf\":{\"@id\":\"https:\/\/psicologogdl.com\/#website\"},\"primaryImageOfPage\":{\"@id\":\"https:\/\/psicologogdl.com\/#primaryimage\"},\"image\":{\"@id\":\"https:\/\/psicologogdl.com\/#primaryimage\"},\"thumbnailUrl\":\"https:\/\/psicologogdl.com\/wp-content\/uploads\/2015\/05\/Captura.jpg\",\"datePublished\":\"2015-05-13T04:44:23+00:00\",\"dateModified\":\"2017-08-04T02:27:14+00:00\",\"description\":\"Los mejores psicoterapeutas y sexologos estan en Psicologos Guadalajara, Psicologos Guadalajara \u00a1Haz tu cita hoy! (0133) 2001-2604\",\"breadcrumb\":{\"@id\":\"https:\/\/psicologogdl.com\/#breadcrumb\"},\"inLanguage\":\"es\",\"potentialAction\":[{\"@type\":\"ReadAction\",\"target\":[\"https:\/\/psicologogdl.com\/\"]}]},{\"@type\":\"ImageObject\",\"inLanguage\":\"es\",\"@id\":\"https:\/\/psicologogdl.com\/#primaryimage\",\"url\":\"https:\/\/psicologogdl.com\/wp-content\/uploads\/2015\/05\/Captura.jpg\",\"contentUrl\":\"https:\/\/psicologogdl.com\/wp-content\/uploads\/2015\/05\/Captura.jpg\",\"width\":199,\"height\":151},{\"@type\":\"BreadcrumbList\",\"@id\":\"https:\/\/psicologogdl.com\/#breadcrumb\",\"itemListElement\":[{\"@type\":\"ListItem\",\"position\":1,\"name\":\"Portada\",\"item\":\"https:\/\/psicologogdl.com\/\"},{\"@type\":\"ListItem\",\"position\":2,\"name\":\"Psicologos Guadalajara\"}]},{\"@type\":\"WebSite\",\"@id\":\"https:\/\/psicologogdl.com\/#website\",\"url\":\"https:\/\/psicologogdl.com\/\",\"name\":\"Psicologos Guadalajara\",\"description\":\"En Psicologos Guadalajara contamos con los mejores Psicologos Especialistas en Psicoterapia, Psicometria y Sexualidad. &iexcl;Ll&aacute;manos, haz una cita hoy! (0133) 2001 2604 \/ (044) 333 178 1207\",\"potentialAction\":[{\"@type\":\"SearchAction\",\"target\":{\"@type\":\"EntryPoint\",\"urlTemplate\":\"https:\/\/psicologogdl.com\/?s={search_term_string}\"},\"query-input\":{\"@type\":\"PropertyValueSpecification\",\"valueRequired\":true,\"valueName\":\"search_term_string\"}}],\"inLanguage\":\"es\"}]}<\/script>\n<!-- \/ Yoast SEO plugin. -->","yoast_head_json":{"title":"Psicologos Guadalajara","description":"Los mejores psicoterapeutas y sexologos estan en Psicologos Guadalajara, Psicologos Guadalajara \u00a1Haz tu cita hoy! (0133) 2001-2604","robots":{"index":"index","follow":"follow","max-snippet":"max-snippet:-1","max-image-preview":"max-image-preview:large","max-video-preview":"max-video-preview:-1"},"canonical":"https:\/\/psicologogdl.com\/","og_locale":"es_ES","og_type":"article","og_title":"Psicologos Guadalajara","og_description":"Los mejores psicoterapeutas y sexologos estan en Psicologos Guadalajara, Psicologos Guadalajara \u00a1Haz tu cita hoy! (0133) 2001-2604","og_url":"https:\/\/psicologogdl.com\/","og_site_name":"Psicologos Guadalajara","article_modified_time":"2017-08-04T02:27:14+00:00","og_image":[{"width":199,"height":151,"url":"https:\/\/psicologogdl.com\/wp-content\/uploads\/2015\/05\/Captura.jpg","type":"image\/jpeg"}],"twitter_card":"summary_large_image","twitter_misc":{"Tiempo de lectura":"1 minuto"},"schema":{"@context":"https:\/\/schema.org","@graph":[{"@type":"WebPage","@id":"https:\/\/psicologogdl.com\/","url":"https:\/\/psicologogdl.com\/","name":"Psicologos Guadalajara","isPartOf":{"@id":"https:\/\/psicologogdl.com\/#website"},"primaryImageOfPage":{"@id":"https:\/\/psicologogdl.com\/#primaryimage"},"image":{"@id":"https:\/\/psicologogdl.com\/#primaryimage"},"thumbnailUrl":"https:\/\/psicologogdl.com\/wp-content\/uploads\/2015\/05\/Captura.jpg","datePublished":"2015-05-13T04:44:23+00:00","dateModified":"2017-08-04T02:27:14+00:00","description":"Los mejores psicoterapeutas y sexologos estan en Psicologos Guadalajara, Psicologos Guadalajara \u00a1Haz tu cita hoy! (0133) 2001-2604","breadcrumb":{"@id":"https:\/\/psicologogdl.com\/#breadcrumb"},"inLanguage":"es","potentialAction":[{"@type":"ReadAction","target":["https:\/\/psicologogdl.com\/"]}]},{"@type":"ImageObject","inLanguage":"es","@id":"https:\/\/psicologogdl.com\/#primaryimage","url":"https:\/\/psicologogdl.com\/wp-content\/uploads\/2015\/05\/Captura.jpg","contentUrl":"https:\/\/psicologogdl.com\/wp-content\/uploads\/2015\/05\/Captura.jpg","width":199,"height":151},{"@type":"BreadcrumbList","@id":"https:\/\/psicologogdl.com\/#breadcrumb","itemListElement":[{"@type":"ListItem","position":1,"name":"Portada","item":"https:\/\/psicologogdl.com\/"},{"@type":"ListItem","position":2,"name":"Psicologos Guadalajara"}]},{"@type":"WebSite","@id":"https:\/\/psicologogdl.com\/#website","url":"https:\/\/psicologogdl.com\/","name":"Psicologos Guadalajara","description":"En Psicologos Guadalajara contamos con los mejores Psicologos Especialistas en Psicoterapia, Psicometria y Sexualidad. &iexcl;Ll&aacute;manos, haz una cita hoy! (0133) 2001 2604 \/ (044) 333 178 1207","potentialAction":[{"@type":"SearchAction","target":{"@type":"EntryPoint","urlTemplate":"https:\/\/psicologogdl.com\/?s={search_term_string}"},"query-input":{"@type":"PropertyValueSpecification","valueRequired":true,"valueName":"search_term_string"}}],"inLanguage":"es"}]}},"_links":{"self":[{"href":"https:\/\/psicologogdl.com\/index.php\/wp-json\/wp\/v2\/pages\/2","targetHints":{"allow":["GET"]}}],"collection":[{"href":"https:\/\/psicologogdl.com\/index.php\/wp-json\/wp\/v2\/pages"}],"about":[{"href":"https:\/\/psicologogdl.com\/index.php\/wp-json\/wp\/v2\/types\/page"}],"author":[{"embeddable":true,"href":"https:\/\/psicologogdl.com\/index.php\/wp-json\/wp\/v2\/users\/2"}],"replies":[{"embeddable":true,"href":"https:\/\/psicologogdl.com\/index.php\/wp-json\/wp\/v2\/comments?post=2"}],"version-history":[{"count":56,"href":"https:\/\/psicologogdl.com\/index.php\/wp-json\/wp\/v2\/pages\/2\/revisions"}],"predecessor-version":[{"id":320,"href":"https:\/\/psicologogdl.com\/index.php\/wp-json\/wp\/v2\/pages\/2\/revisions\/320"}],"wp:attachment":[{"href":"https:\/\/psicologogdl.com\/index.php\/wp-json\/wp\/v2\/media?parent=2"}],"curies":[{"name":"wp","href":"https:\/\/api.w.org\/{rel}","templated":true}]}}