{"id":285,"date":"2016-12-20T20:20:26","date_gmt":"2016-12-21T02:20:26","guid":{"rendered":"http:\/\/psicologogdl.com\/?page_id=285"},"modified":"2016-12-20T20:20:26","modified_gmt":"2016-12-21T02:20:26","slug":"terapia-de-pareja-gay","status":"publish","type":"page","link":"https:\/\/psicologogdl.com\/index.php\/terapia-de-pareja-gay\/","title":{"rendered":"Terapia de pareja gay"},"content":{"rendered":"<p style=\"text-align: center;\"><span style=\"color: #000000;\"><strong>Terapia de Pareja Gay<\/strong><\/span><\/p>\n<p style=\"text-align: center;\"><img loading=\"lazy\" decoding=\"async\" class=\"aligncenter wp-image-288\" src=\"https:\/\/psicologogdl.com\/wp-content\/uploads\/2016\/12\/terapiadeparejagay.jpg\" alt=\"\" width=\"563\" height=\"375\" srcset=\"https:\/\/psicologogdl.com\/wp-content\/uploads\/2016\/12\/terapiadeparejagay.jpg 1351w, https:\/\/psicologogdl.com\/wp-content\/uploads\/2016\/12\/terapiadeparejagay-300x200.jpg 300w, https:\/\/psicologogdl.com\/wp-content\/uploads\/2016\/12\/terapiadeparejagay-768x512.jpg 768w, https:\/\/psicologogdl.com\/wp-content\/uploads\/2016\/12\/terapiadeparejagay-1024x682.jpg 1024w\" sizes=\"auto, (max-width: 563px) 100vw, 563px\" \/><\/p>\n<p style=\"text-align: center;\"><span style=\"color: #000000;\"><strong>Terapia de Pareja Gay<\/strong><\/span><\/p>\n<p><span style=\"color: #000000;\"><strong>\u00bfQu\u00e9 es?<\/strong><\/span><\/p>\n<p style=\"text-align: justify;\"><span style=\"color: #000000;\">La<strong>\u00a0Terapia de pareja gay\u00a0<\/strong>es el tratamiento cl\u00ednico psicol\u00f3gico que se brinda a parejas donde sus integrantes son personas del mismo sexo. La terapia se centra en mejorar la comunicaci\u00f3n de los integrantes de la relaci\u00f3n, as\u00ed como en analizar los conflictos cotidianos que pudieran desencadenar en fricciones, posteriores complicaciones y\/o ruptura de la relaci\u00f3n.<\/span><\/p>\n<p style=\"text-align: justify;\"><span style=\"color: #000000;\">De esta manera, con ayuda de la<strong>\u00a0Terapia de pareja gay<\/strong> se aprender\u00e1 a controlar los impulsos y emociones para afrontar y resolver los conflictos que puedan surgir de una manera m\u00e1s eficiente.<\/span><\/p>\n<p><span style=\"color: #000000;\">Este tratamiento puede ser realizado de dos formas:<\/span><\/p>\n<ul>\n<li><span style=\"color: #000000;\">Sesiones de pareja en conjunto.<\/span><\/li>\n<li><span style=\"color: #000000;\">Alternando la atenci\u00f3n de pareja con sesiones individuales.<\/span><\/li>\n<\/ul>\n<p>&nbsp;<\/p>\n<p><span style=\"color: #000000;\"><strong>\u00bfA qui\u00e9nes va dirigida?<\/strong><\/span><\/p>\n<p style=\"text-align: justify;\"><span style=\"color: #000000;\"><strong>La terapia de pareja gay <\/strong>esta dirigida a parejas del mismo sexo y ayuda a sus integrantes\u00a0a entender y resolver conflictos, as\u00ed como a mejorar la relaci\u00f3n en cualquiera de sus facetas:<\/span><\/p>\n<ul>\n<li><span style=\"color: #000000;\">Enamorados.<\/span><\/li>\n<li><span style=\"color: #000000;\">Novios.<\/span><\/li>\n<li><span style=\"color: #000000;\">C\u00f3nyuges.<\/span><\/li>\n<\/ul>\n<p>&nbsp;<\/p>\n<p style=\"text-align: right;\"><img loading=\"lazy\" decoding=\"async\" class=\" wp-image-289 alignright\" src=\"https:\/\/psicologogdl.com\/wp-content\/uploads\/2016\/12\/terapiadeparejagay1.jpg\" alt=\"\" width=\"395\" height=\"263\" srcset=\"https:\/\/psicologogdl.com\/wp-content\/uploads\/2016\/12\/terapiadeparejagay1.jpg 1536w, https:\/\/psicologogdl.com\/wp-content\/uploads\/2016\/12\/terapiadeparejagay1-300x200.jpg 300w, https:\/\/psicologogdl.com\/wp-content\/uploads\/2016\/12\/terapiadeparejagay1-768x512.jpg 768w, https:\/\/psicologogdl.com\/wp-content\/uploads\/2016\/12\/terapiadeparejagay1-1024x683.jpg 1024w\" sizes=\"auto, (max-width: 395px) 100vw, 395px\" \/><\/p>\n<p><span style=\"color: #000000;\"><strong>\u00bfCual es su objetivo y c\u00f3mo funciona?<\/strong><\/span><\/p>\n<p style=\"text-align: justify;\"><span style=\"color: #000000;\">En <strong>Psic\u00f3logos Guadalajara<\/strong> tenemos claro que las necesidades de una a otra persona pueden ser distintas y lo mismo ocurre con las relaciones de pareja gay, <strong>cuando hablamos de ofrecer terapia a este sector de la poblaci\u00f3n, lo hacemos desde una perspectiva de inclusi\u00f3n.<\/strong> Entendemos que son una poblaci\u00f3n que carece de un verdadero apoyo y es por eso que nuestro objetivo es el de proporcionarles herramientas necesarias para afrontar sus dificultades tales como el fortalecimiento de la comunicaci\u00f3n y la confianza entre sus integrantes.<\/span><\/p>\n<p style=\"text-align: justify;\"><span style=\"color: #000000;\">La <strong>Terapia de pareja gay<\/strong>\u00a0funcionar\u00e1 gradualmente en la medida en que se pongan en pr\u00e1ctica ciertas t\u00e9cnicas para la resoluci\u00f3n de conflictos que est\u00e1n\u00a0presentes o pudieran posteriormente presentarse a lo largo de la relaci\u00f3n. Dichas t\u00e9cnicas facilitan y fortalecen la comunicaci\u00f3n entre la pareja facilitando as\u00ed la negociaci\u00f3n, empat\u00eda y comprensi\u00f3n entre sus integrantes para posteriormente ir en busca de acuerdos y la generaci\u00f3n de compromisos para ayudar a lidiar con las diferencias que pudieran presentarse en la pareja.<\/span><\/p>\n<p style=\"text-align: justify;\"><span style=\"color: #000000;\">Las t\u00e9cnicas y herramientas mencionadas, buscan romper los vicios o situaciones que propician el desarrollo y mantenimiento de una mala din\u00e1mica en pareja, por lo que\u00a0se orientar\u00e1 y ofrecer\u00e1n maneras de atender a los problemas desde otra perspectiva, sin la necesidad constante de hacerlos personales, evitando as\u00ed que la soberbia u orgullo puedan distorsionar los objetivos del mutuo bienestar en la relaci\u00f3n.<\/span><\/p>\n<p style=\"text-align: center;\"><img loading=\"lazy\" decoding=\"async\" class=\"aligncenter size-full wp-image-294\" src=\"https:\/\/psicologogdl.com\/wp-content\/uploads\/2016\/12\/terapiadeparejagay3.jpg\" alt=\"\" width=\"523\" height=\"323\" srcset=\"https:\/\/psicologogdl.com\/wp-content\/uploads\/2016\/12\/terapiadeparejagay3.jpg 523w, https:\/\/psicologogdl.com\/wp-content\/uploads\/2016\/12\/terapiadeparejagay3-300x185.jpg 300w\" sizes=\"auto, (max-width: 523px) 100vw, 523px\" \/><\/p>\n<hr \/>\n<p style=\"text-align: center;\"><span style=\"color: #000000;\"><strong>Psicologos Guadalajara<\/strong><\/span><\/p>\n<p style=\"text-align: center;\"><span style=\"color: #000000;\"><em>L<\/em><em>os mejores especialistas en tu bienestar y salud emocional<\/em><\/span><\/p>\n<p style=\"text-align: justify;\"><span style=\"color: #000000;\">En <strong>Psicolgos Guadalajara<\/strong> somos un equipo de psic\u00f3logos con la experiencia y el coraz\u00f3n enfocados a ayudarlos para conseguir la <strong>salud emocional y tranq<\/strong><span class=\"text_exposed_show\"><strong>uilidad<\/strong> que est\u00e1n buscando. Queremos apoyarlos, inspirarlos, motivarlos y acompa\u00f1arlos en el\u00a0<strong>camino a su bienestar<\/strong>. Tenemos clara la importancia que tiene la salud y el bienestar de las personas, por lo que ponemos siempre a su disposici\u00f3n\u00a0<strong>profesionalismo a buen precio.<\/strong><\/span><\/span><\/p>\n<p style=\"text-align: justify;\"><span style=\"color: #000000;\">En <strong>Psicologos Guadalajara<\/strong> recibir\u00e1n una orientaci\u00f3n y un trato especialmente dise\u00f1ado a sus necesidades desde su primer consulta. Un psic\u00f3logo y psicoterapeuta calificado trabajara con ustedes, enfocado a explotar sus recursos y ofrecerles herramientas para el logro de sus objetivos y metas. Ofrecemos un espacio basado en la confidencialidad, privacidad y respeto con un ideal claro: <strong>Obtener su bienestar y salud emocional<\/strong>.<\/span><\/p>\n<p><span style=\"color: #000000;\"><strong>CONTACTO:<\/strong><\/span><\/p>\n<p><span style=\"color: #000000;\">(0133) 2001 2604<\/span><\/p>\n<p><span style=\"color: #000000;\">(044) 333 178 1207<\/span><\/p>\n<p><span style=\"color: #000000;\"><strong>HORARIOS:<\/strong><\/span><\/p>\n<p><span style=\"color: #000000;\">Lunes a Viernes:<\/span><br \/>\n<span style=\"color: #000000;\"> 10:00 \u2013 14:00 y de 16:00 \u2013 20:00<\/span><\/p>\n<p><span style=\"color: #000000;\">S\u00e1bados:<\/span><\/p>\n<p><span style=\"color: #000000;\">10:00 \u2013 14:00<\/span><\/p>\n<p><span style=\"color: #000000;\"><a style=\"color: #000000;\" href=\"https:\/\/psicologogdl.com\/wp-content\/uploads\/2015\/05\/Captura.jpg\" data-rel=\"lightbox-image-0\" data-rl_title=\"\" data-rl_caption=\"\" title=\"\"><img loading=\"lazy\" decoding=\"async\" class=\"size-full wp-image-43 aligncenter\" src=\"https:\/\/psicologogdl.com\/wp-content\/uploads\/2015\/05\/Captura.jpg\" alt=\"Captura\" width=\"199\" height=\"151\" \/><\/a><\/span><\/p>\n<p style=\"text-align: center;\"><span style=\"color: #000000;\"><strong>Terapia de pareja gay<\/strong><\/span><\/p>\n<p><span style=\"color: #000000;\">\n<div class=\"wpcf7 no-js\" id=\"wpcf7-f39-o1\" lang=\"es-ES\" dir=\"ltr\" data-wpcf7-id=\"39\">\n<div class=\"screen-reader-response\"><p role=\"status\" aria-live=\"polite\" aria-atomic=\"true\"><\/p> <ul><\/ul><\/div>\n<form action=\"\/index.php\/wp-json\/wp\/v2\/pages\/285#wpcf7-f39-o1\" method=\"post\" class=\"wpcf7-form init\" aria-label=\"Formulario de contacto\" novalidate=\"novalidate\" data-status=\"init\">\n<fieldset class=\"hidden-fields-container\"><input type=\"hidden\" name=\"_wpcf7\" value=\"39\" \/><input type=\"hidden\" name=\"_wpcf7_version\" value=\"6.1.5\" \/><input type=\"hidden\" name=\"_wpcf7_locale\" value=\"es_ES\" \/><input type=\"hidden\" name=\"_wpcf7_unit_tag\" value=\"wpcf7-f39-o1\" \/><input type=\"hidden\" name=\"_wpcf7_container_post\" value=\"0\" \/><input type=\"hidden\" name=\"_wpcf7_posted_data_hash\" value=\"\" \/>\n<\/fieldset>\n<p>Su nombre (requerido)\n<\/p>\n<p><span class=\"wpcf7-form-control-wrap\" data-name=\"your-name\"><input size=\"40\" maxlength=\"400\" class=\"wpcf7-form-control wpcf7-text wpcf7-validates-as-required\" aria-required=\"true\" aria-invalid=\"false\" value=\"\" type=\"text\" name=\"your-name\" \/><\/span>\n<\/p>\n<p>Su e-mail (requerido)\n<\/p>\n<p><span class=\"wpcf7-form-control-wrap\" data-name=\"your-email\"><input size=\"40\" maxlength=\"400\" class=\"wpcf7-form-control wpcf7-email wpcf7-validates-as-required wpcf7-text wpcf7-validates-as-email\" aria-required=\"true\" aria-invalid=\"false\" value=\"\" type=\"email\" name=\"your-email\" \/><\/span>\n<\/p>\n<p>Su tel\u00e9fono (requerido)\n<\/p>\n<p><span class=\"wpcf7-form-control-wrap\" data-name=\"telefono\"><input size=\"40\" maxlength=\"400\" class=\"wpcf7-form-control wpcf7-tel wpcf7-validates-as-required wpcf7-text wpcf7-validates-as-tel\" aria-required=\"true\" aria-invalid=\"false\" value=\"\" type=\"tel\" name=\"telefono\" \/><\/span>\n<\/p>\n<p>Su mensaje\n<\/p>\n<p><span class=\"wpcf7-form-control-wrap\" data-name=\"your-message\"><textarea cols=\"40\" rows=\"10\" maxlength=\"2000\" class=\"wpcf7-form-control wpcf7-textarea\" aria-invalid=\"false\" name=\"your-message\"><\/textarea><\/span>\n<\/p>\n<p><input class=\"wpcf7-form-control wpcf7-submit has-spinner\" type=\"submit\" value=\"Enviar\" \/>\n<\/p><p style=\"display: none !important;\" class=\"akismet-fields-container\" data-prefix=\"_wpcf7_ak_\"><label>&#916;<textarea name=\"_wpcf7_ak_hp_textarea\" cols=\"45\" rows=\"8\" maxlength=\"100\"><\/textarea><\/label><input type=\"hidden\" id=\"ak_js_1\" name=\"_wpcf7_ak_js\" value=\"104\"\/><script>document.getElementById( \"ak_js_1\" ).setAttribute( \"value\", ( new Date() ).getTime() );<\/script><\/p><div class=\"wpcf7-response-output\" aria-hidden=\"true\"><\/div>\n<\/form>\n<\/div>\n<\/span><\/p>\n<p style=\"text-align: center;\"><span style=\"color: #000000;\"><strong>Terapia de pareja gay<\/strong><\/span><\/p>\n","protected":false},"excerpt":{"rendered":"<p>Terapia de Pareja Gay Terapia de Pareja Gay \u00bfQu\u00e9 es? La\u00a0Terapia de pareja gay\u00a0es el tratamiento cl\u00ednico psicol\u00f3gico que se brinda a parejas donde sus integrantes son personas del mismo sexo. La terapia se&#46;&#46;&#46;<\/p>\n","protected":false},"author":2,"featured_media":0,"parent":0,"menu_order":0,"comment_status":"closed","ping_status":"closed","template":"","meta":{"footnotes":""},"class_list":["post-285","page","type-page","status-publish","hentry"],"yoast_head":"<!-- This site is optimized with the Yoast SEO plugin v26.8 - https:\/\/yoast.com\/product\/yoast-seo-wordpress\/ -->\n<title>Terapia de pareja gay - Psicologos Guadalajara<\/title>\n<meta name=\"description\" content=\"Los mejores Psicologos especialistas en Terapia de pareja gay est\u00e1n con nosotros, Terapia de pareja gay en Guadalajara \u00a1Ll\u00e1manos! (0133) 2001 2604\" \/>\n<meta name=\"robots\" content=\"index, follow, max-snippet:-1, max-image-preview:large, max-video-preview:-1\" \/>\n<link rel=\"canonical\" href=\"https:\/\/psicologogdl.com\/index.php\/terapia-de-pareja-gay\/\" \/>\n<meta property=\"og:locale\" content=\"es_ES\" \/>\n<meta property=\"og:type\" content=\"article\" \/>\n<meta property=\"og:title\" content=\"Terapia de pareja gay - Psicologos Guadalajara\" \/>\n<meta property=\"og:description\" content=\"Los mejores Psicologos especialistas en Terapia de pareja gay est\u00e1n con nosotros, Terapia de pareja gay en Guadalajara \u00a1Ll\u00e1manos! (0133) 2001 2604\" \/>\n<meta property=\"og:url\" content=\"https:\/\/psicologogdl.com\/index.php\/terapia-de-pareja-gay\/\" \/>\n<meta property=\"og:site_name\" content=\"Psicologos Guadalajara\" \/>\n<meta property=\"og:image\" content=\"https:\/\/psicologogdl.com\/wp-content\/uploads\/2016\/12\/terapiadeparejagay.jpg\" \/>\n\t<meta property=\"og:image:width\" content=\"1351\" \/>\n\t<meta property=\"og:image:height\" content=\"900\" \/>\n\t<meta property=\"og:image:type\" content=\"image\/jpeg\" \/>\n<meta name=\"twitter:card\" content=\"summary_large_image\" \/>\n<meta name=\"twitter:label1\" content=\"Tiempo de lectura\" \/>\n\t<meta name=\"twitter:data1\" content=\"3 minutos\" \/>\n<script type=\"application\/ld+json\" class=\"yoast-schema-graph\">{\"@context\":\"https:\/\/schema.org\",\"@graph\":[{\"@type\":\"WebPage\",\"@id\":\"https:\/\/psicologogdl.com\/index.php\/terapia-de-pareja-gay\/\",\"url\":\"https:\/\/psicologogdl.com\/index.php\/terapia-de-pareja-gay\/\",\"name\":\"Terapia de pareja gay - Psicologos Guadalajara\",\"isPartOf\":{\"@id\":\"https:\/\/psicologogdl.com\/#website\"},\"primaryImageOfPage\":{\"@id\":\"https:\/\/psicologogdl.com\/index.php\/terapia-de-pareja-gay\/#primaryimage\"},\"image\":{\"@id\":\"https:\/\/psicologogdl.com\/index.php\/terapia-de-pareja-gay\/#primaryimage\"},\"thumbnailUrl\":\"https:\/\/psicologogdl.com\/wp-content\/uploads\/2016\/12\/terapiadeparejagay.jpg\",\"datePublished\":\"2016-12-21T02:20:26+00:00\",\"description\":\"Los mejores Psicologos especialistas en Terapia de pareja gay est\u00e1n con nosotros, Terapia de pareja gay en Guadalajara \u00a1Ll\u00e1manos! (0133) 2001 2604\",\"breadcrumb\":{\"@id\":\"https:\/\/psicologogdl.com\/index.php\/terapia-de-pareja-gay\/#breadcrumb\"},\"inLanguage\":\"es\",\"potentialAction\":[{\"@type\":\"ReadAction\",\"target\":[\"https:\/\/psicologogdl.com\/index.php\/terapia-de-pareja-gay\/\"]}]},{\"@type\":\"ImageObject\",\"inLanguage\":\"es\",\"@id\":\"https:\/\/psicologogdl.com\/index.php\/terapia-de-pareja-gay\/#primaryimage\",\"url\":\"https:\/\/psicologogdl.com\/wp-content\/uploads\/2016\/12\/terapiadeparejagay.jpg\",\"contentUrl\":\"https:\/\/psicologogdl.com\/wp-content\/uploads\/2016\/12\/terapiadeparejagay.jpg\",\"width\":1351,\"height\":900},{\"@type\":\"BreadcrumbList\",\"@id\":\"https:\/\/psicologogdl.com\/index.php\/terapia-de-pareja-gay\/#breadcrumb\",\"itemListElement\":[{\"@type\":\"ListItem\",\"position\":1,\"name\":\"Portada\",\"item\":\"https:\/\/psicologogdl.com\/\"},{\"@type\":\"ListItem\",\"position\":2,\"name\":\"Terapia de pareja gay\"}]},{\"@type\":\"WebSite\",\"@id\":\"https:\/\/psicologogdl.com\/#website\",\"url\":\"https:\/\/psicologogdl.com\/\",\"name\":\"Psicologos Guadalajara\",\"description\":\"En Psicologos Guadalajara contamos con los mejores Psicologos Especialistas en Psicoterapia, Psicometria y Sexualidad. &iexcl;Ll&aacute;manos, haz una cita hoy! (0133) 2001 2604 \/ (044) 333 178 1207\",\"potentialAction\":[{\"@type\":\"SearchAction\",\"target\":{\"@type\":\"EntryPoint\",\"urlTemplate\":\"https:\/\/psicologogdl.com\/?s={search_term_string}\"},\"query-input\":{\"@type\":\"PropertyValueSpecification\",\"valueRequired\":true,\"valueName\":\"search_term_string\"}}],\"inLanguage\":\"es\"}]}<\/script>\n<!-- \/ Yoast SEO plugin. -->","yoast_head_json":{"title":"Terapia de pareja gay - Psicologos Guadalajara","description":"Los mejores Psicologos especialistas en Terapia de pareja gay est\u00e1n con nosotros, Terapia de pareja gay en Guadalajara \u00a1Ll\u00e1manos! (0133) 2001 2604","robots":{"index":"index","follow":"follow","max-snippet":"max-snippet:-1","max-image-preview":"max-image-preview:large","max-video-preview":"max-video-preview:-1"},"canonical":"https:\/\/psicologogdl.com\/index.php\/terapia-de-pareja-gay\/","og_locale":"es_ES","og_type":"article","og_title":"Terapia de pareja gay - Psicologos Guadalajara","og_description":"Los mejores Psicologos especialistas en Terapia de pareja gay est\u00e1n con nosotros, Terapia de pareja gay en Guadalajara \u00a1Ll\u00e1manos! (0133) 2001 2604","og_url":"https:\/\/psicologogdl.com\/index.php\/terapia-de-pareja-gay\/","og_site_name":"Psicologos Guadalajara","og_image":[{"width":1351,"height":900,"url":"https:\/\/psicologogdl.com\/wp-content\/uploads\/2016\/12\/terapiadeparejagay.jpg","type":"image\/jpeg"}],"twitter_card":"summary_large_image","twitter_misc":{"Tiempo de lectura":"3 minutos"},"schema":{"@context":"https:\/\/schema.org","@graph":[{"@type":"WebPage","@id":"https:\/\/psicologogdl.com\/index.php\/terapia-de-pareja-gay\/","url":"https:\/\/psicologogdl.com\/index.php\/terapia-de-pareja-gay\/","name":"Terapia de pareja gay - Psicologos Guadalajara","isPartOf":{"@id":"https:\/\/psicologogdl.com\/#website"},"primaryImageOfPage":{"@id":"https:\/\/psicologogdl.com\/index.php\/terapia-de-pareja-gay\/#primaryimage"},"image":{"@id":"https:\/\/psicologogdl.com\/index.php\/terapia-de-pareja-gay\/#primaryimage"},"thumbnailUrl":"https:\/\/psicologogdl.com\/wp-content\/uploads\/2016\/12\/terapiadeparejagay.jpg","datePublished":"2016-12-21T02:20:26+00:00","description":"Los mejores Psicologos especialistas en Terapia de pareja gay est\u00e1n con nosotros, Terapia de pareja gay en Guadalajara \u00a1Ll\u00e1manos! (0133) 2001 2604","breadcrumb":{"@id":"https:\/\/psicologogdl.com\/index.php\/terapia-de-pareja-gay\/#breadcrumb"},"inLanguage":"es","potentialAction":[{"@type":"ReadAction","target":["https:\/\/psicologogdl.com\/index.php\/terapia-de-pareja-gay\/"]}]},{"@type":"ImageObject","inLanguage":"es","@id":"https:\/\/psicologogdl.com\/index.php\/terapia-de-pareja-gay\/#primaryimage","url":"https:\/\/psicologogdl.com\/wp-content\/uploads\/2016\/12\/terapiadeparejagay.jpg","contentUrl":"https:\/\/psicologogdl.com\/wp-content\/uploads\/2016\/12\/terapiadeparejagay.jpg","width":1351,"height":900},{"@type":"BreadcrumbList","@id":"https:\/\/psicologogdl.com\/index.php\/terapia-de-pareja-gay\/#breadcrumb","itemListElement":[{"@type":"ListItem","position":1,"name":"Portada","item":"https:\/\/psicologogdl.com\/"},{"@type":"ListItem","position":2,"name":"Terapia de pareja gay"}]},{"@type":"WebSite","@id":"https:\/\/psicologogdl.com\/#website","url":"https:\/\/psicologogdl.com\/","name":"Psicologos Guadalajara","description":"En Psicologos Guadalajara contamos con los mejores Psicologos Especialistas en Psicoterapia, Psicometria y Sexualidad. &iexcl;Ll&aacute;manos, haz una cita hoy! (0133) 2001 2604 \/ (044) 333 178 1207","potentialAction":[{"@type":"SearchAction","target":{"@type":"EntryPoint","urlTemplate":"https:\/\/psicologogdl.com\/?s={search_term_string}"},"query-input":{"@type":"PropertyValueSpecification","valueRequired":true,"valueName":"search_term_string"}}],"inLanguage":"es"}]}},"_links":{"self":[{"href":"https:\/\/psicologogdl.com\/index.php\/wp-json\/wp\/v2\/pages\/285","targetHints":{"allow":["GET"]}}],"collection":[{"href":"https:\/\/psicologogdl.com\/index.php\/wp-json\/wp\/v2\/pages"}],"about":[{"href":"https:\/\/psicologogdl.com\/index.php\/wp-json\/wp\/v2\/types\/page"}],"author":[{"embeddable":true,"href":"https:\/\/psicologogdl.com\/index.php\/wp-json\/wp\/v2\/users\/2"}],"replies":[{"embeddable":true,"href":"https:\/\/psicologogdl.com\/index.php\/wp-json\/wp\/v2\/comments?post=285"}],"version-history":[{"count":6,"href":"https:\/\/psicologogdl.com\/index.php\/wp-json\/wp\/v2\/pages\/285\/revisions"}],"predecessor-version":[{"id":295,"href":"https:\/\/psicologogdl.com\/index.php\/wp-json\/wp\/v2\/pages\/285\/revisions\/295"}],"wp:attachment":[{"href":"https:\/\/psicologogdl.com\/index.php\/wp-json\/wp\/v2\/media?parent=285"}],"curies":[{"name":"wp","href":"https:\/\/api.w.org\/{rel}","templated":true}]}}