{"id":297,"date":"2016-12-21T14:26:21","date_gmt":"2016-12-21T20:26:21","guid":{"rendered":"http:\/\/psicologogdl.com\/?page_id=297"},"modified":"2016-12-21T14:38:27","modified_gmt":"2016-12-21T20:38:27","slug":"terapia-de-pareja-guadalajara","status":"publish","type":"page","link":"https:\/\/psicologogdl.com\/index.php\/terapia-de-pareja-guadalajara\/","title":{"rendered":"Terapia de pareja guadalajara"},"content":{"rendered":"<p style=\"text-align: center;\"><strong>Terapia de pareja guadalajara<\/strong><\/p>\n<p style=\"text-align: center;\"><img loading=\"lazy\" decoding=\"async\" class=\"aligncenter wp-image-300\" src=\"https:\/\/psicologogdl.com\/wp-content\/uploads\/2016\/12\/terapiadepareja01.jpg\" alt=\"\" width=\"525\" height=\"394\" srcset=\"https:\/\/psicologogdl.com\/wp-content\/uploads\/2016\/12\/terapiadepareja01.jpg 700w, https:\/\/psicologogdl.com\/wp-content\/uploads\/2016\/12\/terapiadepareja01-300x225.jpg 300w\" sizes=\"auto, (max-width: 525px) 100vw, 525px\" \/><\/p>\n<p style=\"text-align: center;\"><strong>Terapia de Pareja<\/strong><\/p>\n<p><strong>\u00bfQu\u00e9 es?<\/strong><\/p>\n<p style=\"text-align: justify;\">La<strong>\u00a0Terapia de pareja<\/strong>\u00a0es el tratamiento cl\u00ednico psicol\u00f3gico que se brinda a los miembros de una relaci\u00f3n sentimental,\u00a0se\u00a0centrar\u00e1 fundamentalmente en mejorar la comunicaci\u00f3n en la relaci\u00f3n y en analizar los conflictos cotidianos que pueden llevar a la fricci\u00f3n, complicaciones o ruptura de la relaci\u00f3n.\u00a0De esta manera, con ayuda de la<strong>\u00a0Terapia de pareja<\/strong> se aprender\u00e1 a controlar los impulsos y emociones para afrontar y resolver los conflictos que puedan surgir de una manera m\u00e1s eficiente.<\/p>\n<p>Este tratamiento puede ser realizado de dos formas:<\/p>\n<ul>\n<li>Sesiones de pareja en conjunto.<img loading=\"lazy\" decoding=\"async\" class=\"wp-image-302 alignright\" src=\"https:\/\/psicologogdl.com\/wp-content\/uploads\/2016\/12\/terapiadepareja03.jpg\" alt=\"\" width=\"280\" height=\"362\" srcset=\"https:\/\/psicologogdl.com\/wp-content\/uploads\/2016\/12\/terapiadepareja03.jpg 736w, https:\/\/psicologogdl.com\/wp-content\/uploads\/2016\/12\/terapiadepareja03-232x300.jpg 232w\" sizes=\"auto, (max-width: 280px) 100vw, 280px\" \/><\/li>\n<li>Alternando la atenci\u00f3n de pareja con sesiones individuales.<\/li>\n<\/ul>\n<p>&nbsp;<\/p>\n<p><strong>\u00bfPara qui\u00e9n?<br \/>\n<\/strong><\/p>\n<p style=\"text-align: justify;\"><strong>La terapia de pareja<\/strong> ayuda a sus integrantes\u00a0a entender y resolver conflictos y\/o a mejorar la relaci\u00f3n en cualquiera de sus facetas:<\/p>\n<ul>\n<li>Enamorados.<\/li>\n<li>Novios.<\/li>\n<li>Esposos.<\/li>\n<li>C\u00f3nyuges.<\/li>\n<li>Separados y\/o Divorciados.<\/li>\n<\/ul>\n<p>&nbsp;<\/p>\n<p><strong>\u00bfCual es su objetivo y c\u00f3mo funciona?<\/strong><\/p>\n<p style=\"text-align: justify;\">El principal objetivo de la <strong>Terapia de Pareja<\/strong>, es el de proporcionar las herramientas necesarias para potenciar la\u00a0comunicaci\u00f3n y la confianza entre sus integrantes. Funciona poniendo en pr\u00e1ctica\u00a0t\u00e9cnicas para la resoluci\u00f3n de conflictos que est\u00e1n o pudieran presentarse. Act\u00faa tambi\u00e9n facilitando la negociaci\u00f3n, comprensi\u00f3n y la generaci\u00f3n de acuerdos para ayudar a lidiar con las diferencias en el seno de la pareja.<\/p>\n<p style=\"text-align: justify;\">Las t\u00e9cnicas y herramientas mencionadas, buscan romper los vicios o situaciones que propician el desarrollo y mantenimiento de una mala din\u00e1mica en pareja, por lo que\u00a0se orientar\u00e1 y ofrecer\u00e1n maneras de atender a los problemas desde otra perspectiva, sin la necesidad constante de hacerlos personales, evitando as\u00ed que la soberbia u orgullo puedan distorsionar los juicios de valor.<\/p>\n<p style=\"text-align: center;\"><strong>Terapia de pareja guadalajara<\/strong><\/p>\n<p><img loading=\"lazy\" decoding=\"async\" class=\"aligncenter wp-image-309\" src=\"https:\/\/psicologogdl.com\/wp-content\/uploads\/2016\/12\/terapiadepareja-1.jpg\" alt=\"\" width=\"719\" height=\"375\" srcset=\"https:\/\/psicologogdl.com\/wp-content\/uploads\/2016\/12\/terapiadepareja-1.jpg 1694w, https:\/\/psicologogdl.com\/wp-content\/uploads\/2016\/12\/terapiadepareja-1-300x156.jpg 300w, https:\/\/psicologogdl.com\/wp-content\/uploads\/2016\/12\/terapiadepareja-1-768x400.jpg 768w, https:\/\/psicologogdl.com\/wp-content\/uploads\/2016\/12\/terapiadepareja-1-1024x534.jpg 1024w\" sizes=\"auto, (max-width: 719px) 100vw, 719px\" \/><\/p>\n<p style=\"text-align: center;\"><strong>Psicologos Guadalajara<\/strong><\/p>\n<p style=\"text-align: center;\"><em>L<\/em><em>os mejores especialistas en tu bienestar y salud emocional<\/em><\/p>\n<p style=\"text-align: justify;\">En <strong>Psicolgos Guadalajara<\/strong> somos un equipo de psic\u00f3logos con la experiencia y el coraz\u00f3n enfocados a ayudarlos para conseguir la <strong>salud emocional y tranq<\/strong><span class=\"text_exposed_show\"><strong>uilidad<\/strong> que est\u00e1n buscando. Queremos apoyarlos, inspirarlos, motivarlos y acompa\u00f1arlos en el\u00a0<strong>camino a su bienestar<\/strong>. Tenemos clara la importancia que tiene la salud y el bienestar de las personas, por lo que ponemos siempre a su disposici\u00f3n\u00a0<strong>profesionalismo a buen precio.<\/strong><\/span><\/p>\n<p style=\"text-align: justify;\">En <strong>Psicologos Guadalajara<\/strong> recibir\u00e1n una orientaci\u00f3n y un trato especialmente dise\u00f1ado a sus necesidades desde su primer consulta. Un psic\u00f3logo y psicoterapeuta calificado trabajara con ustedes, enfocado a explotar sus recursos y ofrecerles herramientas para el logro de sus objetivos y metas. Ofrecemos un espacio basado en la confidencialidad, privacidad y respeto con un ideal claro: <strong>Obtener su bienestar y salud emocional<\/strong>.<\/p>\n<p><strong>CONTACTO:<\/strong><\/p>\n<p>(0133) 2001 2604<\/p>\n<p>(044) 333 178 1207<\/p>\n<p><strong>HORARIOS:<\/strong><\/p>\n<p>Lunes a Viernes:<br \/>\n10:00 \u2013 14:00 y de 16:00 \u2013 20:00<\/p>\n<p>S\u00e1bados:<\/p>\n<p>10:00 \u2013 14:00<\/p>\n<p><a href=\"https:\/\/psicologogdl.com\/wp-content\/uploads\/2015\/05\/Captura.jpg\" data-rel=\"lightbox-image-0\" data-rl_title=\"\" data-rl_caption=\"\" title=\"\"><img loading=\"lazy\" decoding=\"async\" class=\"size-full wp-image-43 aligncenter\" src=\"https:\/\/psicologogdl.com\/wp-content\/uploads\/2015\/05\/Captura.jpg\" alt=\"Captura\" width=\"199\" height=\"151\" \/><\/a><\/p>\n<p style=\"text-align: center;\"><strong>Terapia de pareja guadalajara<\/strong><\/p>\n\n<div class=\"wpcf7 no-js\" id=\"wpcf7-f39-o1\" lang=\"es-ES\" dir=\"ltr\" data-wpcf7-id=\"39\">\n<div class=\"screen-reader-response\"><p role=\"status\" aria-live=\"polite\" aria-atomic=\"true\"><\/p> <ul><\/ul><\/div>\n<form action=\"\/index.php\/wp-json\/wp\/v2\/pages\/297#wpcf7-f39-o1\" method=\"post\" class=\"wpcf7-form init\" aria-label=\"Formulario de contacto\" novalidate=\"novalidate\" data-status=\"init\">\n<fieldset class=\"hidden-fields-container\"><input type=\"hidden\" name=\"_wpcf7\" value=\"39\" \/><input type=\"hidden\" name=\"_wpcf7_version\" value=\"6.1.5\" \/><input type=\"hidden\" name=\"_wpcf7_locale\" value=\"es_ES\" \/><input type=\"hidden\" name=\"_wpcf7_unit_tag\" value=\"wpcf7-f39-o1\" \/><input type=\"hidden\" name=\"_wpcf7_container_post\" value=\"0\" \/><input type=\"hidden\" name=\"_wpcf7_posted_data_hash\" value=\"\" \/>\n<\/fieldset>\n<p>Su nombre (requerido)\n<\/p>\n<p><span class=\"wpcf7-form-control-wrap\" data-name=\"your-name\"><input size=\"40\" maxlength=\"400\" class=\"wpcf7-form-control wpcf7-text wpcf7-validates-as-required\" aria-required=\"true\" aria-invalid=\"false\" value=\"\" type=\"text\" name=\"your-name\" \/><\/span>\n<\/p>\n<p>Su e-mail (requerido)\n<\/p>\n<p><span class=\"wpcf7-form-control-wrap\" data-name=\"your-email\"><input size=\"40\" maxlength=\"400\" class=\"wpcf7-form-control wpcf7-email wpcf7-validates-as-required wpcf7-text wpcf7-validates-as-email\" aria-required=\"true\" aria-invalid=\"false\" value=\"\" type=\"email\" name=\"your-email\" \/><\/span>\n<\/p>\n<p>Su tel\u00e9fono (requerido)\n<\/p>\n<p><span class=\"wpcf7-form-control-wrap\" data-name=\"telefono\"><input size=\"40\" maxlength=\"400\" class=\"wpcf7-form-control wpcf7-tel wpcf7-validates-as-required wpcf7-text wpcf7-validates-as-tel\" aria-required=\"true\" aria-invalid=\"false\" value=\"\" type=\"tel\" name=\"telefono\" \/><\/span>\n<\/p>\n<p>Su mensaje\n<\/p>\n<p><span class=\"wpcf7-form-control-wrap\" data-name=\"your-message\"><textarea cols=\"40\" rows=\"10\" maxlength=\"2000\" class=\"wpcf7-form-control wpcf7-textarea\" aria-invalid=\"false\" name=\"your-message\"><\/textarea><\/span>\n<\/p>\n<p><input class=\"wpcf7-form-control wpcf7-submit has-spinner\" type=\"submit\" value=\"Enviar\" \/>\n<\/p><p style=\"display: none !important;\" class=\"akismet-fields-container\" data-prefix=\"_wpcf7_ak_\"><label>&#916;<textarea name=\"_wpcf7_ak_hp_textarea\" cols=\"45\" rows=\"8\" maxlength=\"100\"><\/textarea><\/label><input type=\"hidden\" id=\"ak_js_1\" name=\"_wpcf7_ak_js\" value=\"93\"\/><script>document.getElementById( \"ak_js_1\" ).setAttribute( \"value\", ( new Date() ).getTime() );<\/script><\/p><div class=\"wpcf7-response-output\" aria-hidden=\"true\"><\/div>\n<\/form>\n<\/div>\n\n<p style=\"text-align: center;\"><strong>Terapia de pareja guadalajara<\/strong><\/p>\n<div>NUESTROS PSIC\u00d3LOGOS, SEX\u00d3LOGOS Y PSICOTERAPEUTAS:<\/div>\n<div><\/div>\n<div><a href=\"http:\/\/www.doctoralia.com.mx\/medico\/panuco+c+emmanuel-14785971?_uaClientID_=MTM3NDY3NTIzOC4xNDYzMDc1NzQ2LjYzNTk5ODgwOTQ5MTkzMDI4NA%3d%3d&amp;_ga=1.56597099.1374675238.1463075746\">Dr. C. Emmanuel P\u00e1nuco A.<\/a><\/div>\n<div><\/div>\n<div><a href=\"http:\/\/www.doctoralia.com.mx\/medico\/rosales+ivette-14784954?_uaClientID_=MTM3NDY3NTIzOC4xNDYzMDc1NzQ2LjYzNTk5ODgwMjYyNTg2NjMxOA%3d%3d&amp;_ga=1.56597099.1374675238.1463075746\">Dra. Ivette Rosales<\/a><\/div>\n","protected":false},"excerpt":{"rendered":"<p>Terapia de pareja guadalajara Terapia de Pareja \u00bfQu\u00e9 es? La\u00a0Terapia de pareja\u00a0es el tratamiento cl\u00ednico psicol\u00f3gico que se brinda a los miembros de una relaci\u00f3n sentimental,\u00a0se\u00a0centrar\u00e1 fundamentalmente en mejorar la comunicaci\u00f3n en la relaci\u00f3n&#46;&#46;&#46;<\/p>\n","protected":false},"author":2,"featured_media":0,"parent":0,"menu_order":0,"comment_status":"closed","ping_status":"closed","template":"","meta":{"footnotes":""},"class_list":["post-297","page","type-page","status-publish","hentry"],"yoast_head":"<!-- This site is optimized with the Yoast SEO plugin v26.8 - https:\/\/yoast.com\/product\/yoast-seo-wordpress\/ -->\n<title>Terapia de pareja guadalajara - Psicologos Guadalajara<\/title>\n<meta name=\"description\" content=\"Los mejores especialistas en Terapia de pareja guadalajara est\u00e1n con nosotros, haz una cita de Terapia de pareja guadalajara \u00a1ll\u00e1manos! (0133) 2001-2604\" \/>\n<meta name=\"robots\" content=\"index, follow, max-snippet:-1, max-image-preview:large, max-video-preview:-1\" \/>\n<link rel=\"canonical\" href=\"https:\/\/psicologogdl.com\/index.php\/terapia-de-pareja-guadalajara\/\" \/>\n<meta property=\"og:locale\" content=\"es_ES\" \/>\n<meta property=\"og:type\" content=\"article\" \/>\n<meta property=\"og:title\" content=\"Terapia de pareja guadalajara - Psicologos Guadalajara\" \/>\n<meta property=\"og:description\" content=\"Los mejores especialistas en Terapia de pareja guadalajara est\u00e1n con nosotros, haz una cita de Terapia de pareja guadalajara \u00a1ll\u00e1manos! (0133) 2001-2604\" \/>\n<meta property=\"og:url\" content=\"https:\/\/psicologogdl.com\/index.php\/terapia-de-pareja-guadalajara\/\" \/>\n<meta property=\"og:site_name\" content=\"Psicologos Guadalajara\" \/>\n<meta property=\"article:modified_time\" content=\"2016-12-21T20:38:27+00:00\" \/>\n<meta property=\"og:image\" content=\"https:\/\/psicologogdl.com\/wp-content\/uploads\/2016\/12\/terapiadepareja01.jpg\" \/>\n\t<meta property=\"og:image:width\" content=\"700\" \/>\n\t<meta property=\"og:image:height\" content=\"525\" \/>\n\t<meta property=\"og:image:type\" content=\"image\/jpeg\" \/>\n<meta name=\"twitter:card\" content=\"summary_large_image\" \/>\n<meta name=\"twitter:label1\" content=\"Tiempo de lectura\" \/>\n\t<meta name=\"twitter:data1\" content=\"2 minutos\" \/>\n<script type=\"application\/ld+json\" class=\"yoast-schema-graph\">{\"@context\":\"https:\/\/schema.org\",\"@graph\":[{\"@type\":\"WebPage\",\"@id\":\"https:\/\/psicologogdl.com\/index.php\/terapia-de-pareja-guadalajara\/\",\"url\":\"https:\/\/psicologogdl.com\/index.php\/terapia-de-pareja-guadalajara\/\",\"name\":\"Terapia de pareja guadalajara - Psicologos Guadalajara\",\"isPartOf\":{\"@id\":\"https:\/\/psicologogdl.com\/#website\"},\"primaryImageOfPage\":{\"@id\":\"https:\/\/psicologogdl.com\/index.php\/terapia-de-pareja-guadalajara\/#primaryimage\"},\"image\":{\"@id\":\"https:\/\/psicologogdl.com\/index.php\/terapia-de-pareja-guadalajara\/#primaryimage\"},\"thumbnailUrl\":\"https:\/\/psicologogdl.com\/wp-content\/uploads\/2016\/12\/terapiadepareja01.jpg\",\"datePublished\":\"2016-12-21T20:26:21+00:00\",\"dateModified\":\"2016-12-21T20:38:27+00:00\",\"description\":\"Los mejores especialistas en Terapia de pareja guadalajara est\u00e1n con nosotros, haz una cita de Terapia de pareja guadalajara \u00a1ll\u00e1manos! (0133) 2001-2604\",\"breadcrumb\":{\"@id\":\"https:\/\/psicologogdl.com\/index.php\/terapia-de-pareja-guadalajara\/#breadcrumb\"},\"inLanguage\":\"es\",\"potentialAction\":[{\"@type\":\"ReadAction\",\"target\":[\"https:\/\/psicologogdl.com\/index.php\/terapia-de-pareja-guadalajara\/\"]}]},{\"@type\":\"ImageObject\",\"inLanguage\":\"es\",\"@id\":\"https:\/\/psicologogdl.com\/index.php\/terapia-de-pareja-guadalajara\/#primaryimage\",\"url\":\"https:\/\/psicologogdl.com\/wp-content\/uploads\/2016\/12\/terapiadepareja01.jpg\",\"contentUrl\":\"https:\/\/psicologogdl.com\/wp-content\/uploads\/2016\/12\/terapiadepareja01.jpg\",\"width\":700,\"height\":525},{\"@type\":\"BreadcrumbList\",\"@id\":\"https:\/\/psicologogdl.com\/index.php\/terapia-de-pareja-guadalajara\/#breadcrumb\",\"itemListElement\":[{\"@type\":\"ListItem\",\"position\":1,\"name\":\"Portada\",\"item\":\"https:\/\/psicologogdl.com\/\"},{\"@type\":\"ListItem\",\"position\":2,\"name\":\"Terapia de pareja guadalajara\"}]},{\"@type\":\"WebSite\",\"@id\":\"https:\/\/psicologogdl.com\/#website\",\"url\":\"https:\/\/psicologogdl.com\/\",\"name\":\"Psicologos Guadalajara\",\"description\":\"En Psicologos Guadalajara contamos con los mejores Psicologos Especialistas en Psicoterapia, Psicometria y Sexualidad. &iexcl;Ll&aacute;manos, haz una cita hoy! (0133) 2001 2604 \/ (044) 333 178 1207\",\"potentialAction\":[{\"@type\":\"SearchAction\",\"target\":{\"@type\":\"EntryPoint\",\"urlTemplate\":\"https:\/\/psicologogdl.com\/?s={search_term_string}\"},\"query-input\":{\"@type\":\"PropertyValueSpecification\",\"valueRequired\":true,\"valueName\":\"search_term_string\"}}],\"inLanguage\":\"es\"}]}<\/script>\n<!-- \/ Yoast SEO plugin. -->","yoast_head_json":{"title":"Terapia de pareja guadalajara - Psicologos Guadalajara","description":"Los mejores especialistas en Terapia de pareja guadalajara est\u00e1n con nosotros, haz una cita de Terapia de pareja guadalajara \u00a1ll\u00e1manos! (0133) 2001-2604","robots":{"index":"index","follow":"follow","max-snippet":"max-snippet:-1","max-image-preview":"max-image-preview:large","max-video-preview":"max-video-preview:-1"},"canonical":"https:\/\/psicologogdl.com\/index.php\/terapia-de-pareja-guadalajara\/","og_locale":"es_ES","og_type":"article","og_title":"Terapia de pareja guadalajara - Psicologos Guadalajara","og_description":"Los mejores especialistas en Terapia de pareja guadalajara est\u00e1n con nosotros, haz una cita de Terapia de pareja guadalajara \u00a1ll\u00e1manos! (0133) 2001-2604","og_url":"https:\/\/psicologogdl.com\/index.php\/terapia-de-pareja-guadalajara\/","og_site_name":"Psicologos Guadalajara","article_modified_time":"2016-12-21T20:38:27+00:00","og_image":[{"width":700,"height":525,"url":"https:\/\/psicologogdl.com\/wp-content\/uploads\/2016\/12\/terapiadepareja01.jpg","type":"image\/jpeg"}],"twitter_card":"summary_large_image","twitter_misc":{"Tiempo de lectura":"2 minutos"},"schema":{"@context":"https:\/\/schema.org","@graph":[{"@type":"WebPage","@id":"https:\/\/psicologogdl.com\/index.php\/terapia-de-pareja-guadalajara\/","url":"https:\/\/psicologogdl.com\/index.php\/terapia-de-pareja-guadalajara\/","name":"Terapia de pareja guadalajara - Psicologos Guadalajara","isPartOf":{"@id":"https:\/\/psicologogdl.com\/#website"},"primaryImageOfPage":{"@id":"https:\/\/psicologogdl.com\/index.php\/terapia-de-pareja-guadalajara\/#primaryimage"},"image":{"@id":"https:\/\/psicologogdl.com\/index.php\/terapia-de-pareja-guadalajara\/#primaryimage"},"thumbnailUrl":"https:\/\/psicologogdl.com\/wp-content\/uploads\/2016\/12\/terapiadepareja01.jpg","datePublished":"2016-12-21T20:26:21+00:00","dateModified":"2016-12-21T20:38:27+00:00","description":"Los mejores especialistas en Terapia de pareja guadalajara est\u00e1n con nosotros, haz una cita de Terapia de pareja guadalajara \u00a1ll\u00e1manos! (0133) 2001-2604","breadcrumb":{"@id":"https:\/\/psicologogdl.com\/index.php\/terapia-de-pareja-guadalajara\/#breadcrumb"},"inLanguage":"es","potentialAction":[{"@type":"ReadAction","target":["https:\/\/psicologogdl.com\/index.php\/terapia-de-pareja-guadalajara\/"]}]},{"@type":"ImageObject","inLanguage":"es","@id":"https:\/\/psicologogdl.com\/index.php\/terapia-de-pareja-guadalajara\/#primaryimage","url":"https:\/\/psicologogdl.com\/wp-content\/uploads\/2016\/12\/terapiadepareja01.jpg","contentUrl":"https:\/\/psicologogdl.com\/wp-content\/uploads\/2016\/12\/terapiadepareja01.jpg","width":700,"height":525},{"@type":"BreadcrumbList","@id":"https:\/\/psicologogdl.com\/index.php\/terapia-de-pareja-guadalajara\/#breadcrumb","itemListElement":[{"@type":"ListItem","position":1,"name":"Portada","item":"https:\/\/psicologogdl.com\/"},{"@type":"ListItem","position":2,"name":"Terapia de pareja guadalajara"}]},{"@type":"WebSite","@id":"https:\/\/psicologogdl.com\/#website","url":"https:\/\/psicologogdl.com\/","name":"Psicologos Guadalajara","description":"En Psicologos Guadalajara contamos con los mejores Psicologos Especialistas en Psicoterapia, Psicometria y Sexualidad. &iexcl;Ll&aacute;manos, haz una cita hoy! (0133) 2001 2604 \/ (044) 333 178 1207","potentialAction":[{"@type":"SearchAction","target":{"@type":"EntryPoint","urlTemplate":"https:\/\/psicologogdl.com\/?s={search_term_string}"},"query-input":{"@type":"PropertyValueSpecification","valueRequired":true,"valueName":"search_term_string"}}],"inLanguage":"es"}]}},"_links":{"self":[{"href":"https:\/\/psicologogdl.com\/index.php\/wp-json\/wp\/v2\/pages\/297","targetHints":{"allow":["GET"]}}],"collection":[{"href":"https:\/\/psicologogdl.com\/index.php\/wp-json\/wp\/v2\/pages"}],"about":[{"href":"https:\/\/psicologogdl.com\/index.php\/wp-json\/wp\/v2\/types\/page"}],"author":[{"embeddable":true,"href":"https:\/\/psicologogdl.com\/index.php\/wp-json\/wp\/v2\/users\/2"}],"replies":[{"embeddable":true,"href":"https:\/\/psicologogdl.com\/index.php\/wp-json\/wp\/v2\/comments?post=297"}],"version-history":[{"count":7,"href":"https:\/\/psicologogdl.com\/index.php\/wp-json\/wp\/v2\/pages\/297\/revisions"}],"predecessor-version":[{"id":316,"href":"https:\/\/psicologogdl.com\/index.php\/wp-json\/wp\/v2\/pages\/297\/revisions\/316"}],"wp:attachment":[{"href":"https:\/\/psicologogdl.com\/index.php\/wp-json\/wp\/v2\/media?parent=297"}],"curies":[{"name":"wp","href":"https:\/\/api.w.org\/{rel}","templated":true}]}}